{"id":17302,"date":"2021-08-11T12:43:29","date_gmt":"2021-08-11T12:43:29","guid":{"rendered":"https:\/\/websitetestcentre.com\/irishpolish\/?page_id=17302"},"modified":"2021-08-11T12:49:15","modified_gmt":"2021-08-11T12:49:15","slug":"kpmg","status":"publish","type":"page","link":"https:\/\/websitetestcentre.com\/irishpolish\/kpmg\/","title":{"rendered":"KPMG"},"content":{"rendered":"\t\t<div data-elementor-type=\"wp-page\" data-elementor-id=\"17302\" class=\"elementor elementor-17302\">\n\t\t\t\t\t\t<section class=\"elementor-section elementor-top-section elementor-element elementor-element-b6ab64b elementor-section-content-middle elementor-section-boxed elementor-section-height-default elementor-section-height-default\" data-id=\"b6ab64b\" data-element_type=\"section\" data-e-type=\"section\">\n\t\t\t\t\t\t<div class=\"elementor-container elementor-column-gap-default\">\n\t\t\t\t\t<div class=\"elementor-column elementor-col-50 elementor-top-column elementor-element elementor-element-77a1e4d\" data-id=\"77a1e4d\" data-element_type=\"column\" data-e-type=\"column\">\n\t\t\t<div class=\"elementor-widget-wrap elementor-element-populated\">\n\t\t\t\t\t\t<div class=\"elementor-element elementor-element-f31e786 elementor-widget elementor-widget-egovenzsectiontitle\" data-id=\"f31e786\" data-element_type=\"widget\" data-e-type=\"widget\" data-widget_type=\"egovenzsectiontitle.default\">\n\t\t\t\t<div class=\"elementor-widget-container\">\n\t\t\t\t\t<div class=\"section-title-wrapper\"><div class=\"title-wrap\"><h3 class=\"section-title\">KPMG<\/h3><span class=\"title-separator separator-border theme-color-bg\"><\/span><\/div><!-- .title-wrap --><div class=\"section-description\">KPMG provides professional services in the fields of audit, tax, accounting, bookkeeping, and business advisory as well as attestation services, and the law firm D. Dobkowski, affiliated with KPMG in Poland, offers comprehensive legal services. <br><br>\n\nKPMG\u2019s market success is based on the high quality of its services, work in accordance with the company\u2019s values and, above all, people. We employ nearly 2,000 people in seven offices - in Warsaw, Krak\u00f3w, Gda\u0144sk, Pozna\u0144, Wroc\u0142aw, Katowice and \u0141\u00f3d\u017a. <br><br>\n\nEvery year, our employees are joined by managers and business practitioners as well as graduates of the best universities. Our goal is for the market to see us as the obvious choice and for the clients to see the added value in working with us. <br><br>\n\nWe approach each client individually and ensure the high quality of our services, so that our clients appreciate our professionalism, care for compliance with standards and proactivity in solving complex business problems.<br><br>\n\nKPMG Sp. Z o.o.<br>\n\nul. Inflancka 4A<br>\n\n00-189 Warszawa<br>\n\nTel. 0048-22-5281100<br>\n\nFax. 0048-22-5281009.<p><a class=\"btn none\" href=\"https:\/\/home.kpmg\/pl\/pl\/home.html\" title=\"Visit Website\">Visit Website<\/a><\/p><\/div><!-- .section-description --><\/div><!-- .section-title-wrapper -->\t\t\t\t<\/div>\n\t\t\t\t<\/div>\n\t\t\t\t\t<\/div>\n\t\t<\/div>\n\t\t\t\t<div class=\"elementor-column elementor-col-50 elementor-top-column elementor-element elementor-element-0ddf8f1\" data-id=\"0ddf8f1\" data-element_type=\"column\" data-e-type=\"column\">\n\t\t\t<div class=\"elementor-widget-wrap elementor-element-populated\">\n\t\t\t\t\t\t<div class=\"elementor-element elementor-element-0477b5f verticalMove elementor-widget elementor-widget-image\" data-id=\"0477b5f\" data-element_type=\"widget\" data-e-type=\"widget\" data-widget_type=\"image.default\">\n\t\t\t\t<div class=\"elementor-widget-container\">\n\t\t\t\t\t\t\t\t\t\t\t\t\t\t\t<img decoding=\"async\" src=\"https:\/\/websitetestcentre.com\/irishpolish\/wp-content\/uploads\/elementor\/thumbs\/useKPMG_logo-pb28l5lny3urti03g9z7jb0k6akigc3cpd2o4ezir4.jpg\" title=\"useKPMG_logo\" alt=\"useKPMG_logo\" loading=\"lazy\" \/>\t\t\t\t\t\t\t\t\t\t\t\t\t\t\t<\/div>\n\t\t\t\t<\/div>\n\t\t\t\t<div class=\"elementor-element elementor-element-0900680 verticalMove elementor-widget elementor-widget-image\" data-id=\"0900680\" data-element_type=\"widget\" data-e-type=\"widget\" data-widget_type=\"image.default\">\n\t\t\t\t<div class=\"elementor-widget-container\">\n\t\t\t\t\t\t\t\t\t\t\t\t\t\t\t<img fetchpriority=\"high\" decoding=\"async\" width=\"1170\" height=\"694\" src=\"https:\/\/websitetestcentre.com\/irishpolish\/wp-content\/uploads\/2021\/08\/warsaw-1017468_1280-1170x694.jpg\" class=\"attachment-large size-large wp-image-16298\" alt=\"Warsaw\" srcset=\"https:\/\/websitetestcentre.com\/irishpolish\/wp-content\/uploads\/2021\/08\/warsaw-1017468_1280-1170x694.jpg 1170w, https:\/\/websitetestcentre.com\/irishpolish\/wp-content\/uploads\/2021\/08\/warsaw-1017468_1280-768x456.jpg 768w\" sizes=\"(max-width: 1170px) 100vw, 1170px\" \/>\t\t\t\t\t\t\t\t\t\t\t\t\t\t\t<\/div>\n\t\t\t\t<\/div>\n\t\t\t\t<div class=\"elementor-element elementor-element-70636ef verticalMove elementor-widget elementor-widget-image\" data-id=\"70636ef\" data-element_type=\"widget\" data-e-type=\"widget\" data-widget_type=\"image.default\">\n\t\t\t\t<div class=\"elementor-widget-container\">\n\t\t\t\t\t\t\t\t\t\t\t\t\t\t\t<img decoding=\"async\" width=\"1170\" height=\"694\" src=\"https:\/\/websitetestcentre.com\/irishpolish\/wp-content\/uploads\/2021\/08\/skyscrapers-5909494_1280-1170x694.jpg\" class=\"attachment-large size-large wp-image-16519\" alt=\"Warsaw\" srcset=\"https:\/\/websitetestcentre.com\/irishpolish\/wp-content\/uploads\/2021\/08\/skyscrapers-5909494_1280-1170x694.jpg 1170w, https:\/\/websitetestcentre.com\/irishpolish\/wp-content\/uploads\/2021\/08\/skyscrapers-5909494_1280-768x456.jpg 768w\" sizes=\"(max-width: 1170px) 100vw, 1170px\" \/>\t\t\t\t\t\t\t\t\t\t\t\t\t\t\t<\/div>\n\t\t\t\t<\/div>\n\t\t\t\t<div class=\"elementor-element elementor-element-a01a21b verticalMove elementor-widget elementor-widget-image\" data-id=\"a01a21b\" data-element_type=\"widget\" data-e-type=\"widget\" data-widget_type=\"image.default\">\n\t\t\t\t<div class=\"elementor-widget-container\">\n\t\t\t\t\t\t\t\t\t\t\t\t\t\t\t<img decoding=\"async\" width=\"1170\" height=\"694\" src=\"https:\/\/websitetestcentre.com\/irishpolish\/wp-content\/uploads\/2021\/08\/work-5382501_1280-1170x694.jpg\" class=\"attachment-large size-large wp-image-16785\" alt=\"\" srcset=\"https:\/\/websitetestcentre.com\/irishpolish\/wp-content\/uploads\/2021\/08\/work-5382501_1280-1170x694.jpg 1170w, https:\/\/websitetestcentre.com\/irishpolish\/wp-content\/uploads\/2021\/08\/work-5382501_1280-768x456.jpg 768w\" sizes=\"(max-width: 1170px) 100vw, 1170px\" \/>\t\t\t\t\t\t\t\t\t\t\t\t\t\t\t<\/div>\n\t\t\t\t<\/div>\n\t\t\t\t\t<\/div>\n\t\t<\/div>\n\t\t\t\t\t<\/div>\n\t\t<\/section>\n\t\t\t\t<\/div>\n\t\t","protected":false},"excerpt":{"rendered":"<p>KPMG KPMG provides professional services in the fields of audit, tax, accounting, bookkeeping, and business advisory as well as attestation services, and the law firm D. Dobkowski, affiliated with KPMG in Poland, offers comprehensive legal services. KPMG\u2019s market success is based on the high quality of its services, work in accordance with the company\u2019s values<\/p>\n","protected":false},"author":1,"featured_media":0,"parent":0,"menu_order":0,"comment_status":"closed","ping_status":"closed","template":"","meta":{"_bbp_topic_count":0,"_bbp_reply_count":0,"_bbp_total_topic_count":0,"_bbp_total_reply_count":0,"_bbp_voice_count":0,"_bbp_anonymous_reply_count":0,"_bbp_topic_count_hidden":0,"_bbp_reply_count_hidden":0,"_bbp_forum_subforum_count":0,"footnotes":""},"class_list":["post-17302","page","type-page","status-publish","hentry"],"_links":{"self":[{"href":"https:\/\/websitetestcentre.com\/irishpolish\/wp-json\/wp\/v2\/pages\/17302","targetHints":{"allow":["GET"]}}],"collection":[{"href":"https:\/\/websitetestcentre.com\/irishpolish\/wp-json\/wp\/v2\/pages"}],"about":[{"href":"https:\/\/websitetestcentre.com\/irishpolish\/wp-json\/wp\/v2\/types\/page"}],"author":[{"embeddable":true,"href":"https:\/\/websitetestcentre.com\/irishpolish\/wp-json\/wp\/v2\/users\/1"}],"replies":[{"embeddable":true,"href":"https:\/\/websitetestcentre.com\/irishpolish\/wp-json\/wp\/v2\/comments?post=17302"}],"version-history":[{"count":19,"href":"https:\/\/websitetestcentre.com\/irishpolish\/wp-json\/wp\/v2\/pages\/17302\/revisions"}],"predecessor-version":[{"id":17321,"href":"https:\/\/websitetestcentre.com\/irishpolish\/wp-json\/wp\/v2\/pages\/17302\/revisions\/17321"}],"wp:attachment":[{"href":"https:\/\/websitetestcentre.com\/irishpolish\/wp-json\/wp\/v2\/media?parent=17302"}],"curies":[{"name":"wp","href":"https:\/\/api.w.org\/{rel}","templated":true}]}}