{"id":17603,"date":"2021-08-12T05:05:27","date_gmt":"2021-08-12T05:05:27","guid":{"rendered":"https:\/\/websitetestcentre.com\/irishpolish\/?page_id=17603"},"modified":"2021-08-12T05:10:31","modified_gmt":"2021-08-12T05:10:31","slug":"russell-bedford-consulting-group","status":"publish","type":"page","link":"https:\/\/websitetestcentre.com\/irishpolish\/russell-bedford-consulting-group\/","title":{"rendered":"Russell Bedford Consulting Group"},"content":{"rendered":"\t\t<div data-elementor-type=\"wp-page\" data-elementor-id=\"17603\" class=\"elementor elementor-17603\">\n\t\t\t\t\t\t<section class=\"elementor-section elementor-top-section elementor-element elementor-element-3884e91 elementor-section-content-middle elementor-section-boxed elementor-section-height-default elementor-section-height-default\" data-id=\"3884e91\" data-element_type=\"section\" data-e-type=\"section\">\n\t\t\t\t\t\t<div class=\"elementor-container elementor-column-gap-default\">\n\t\t\t\t\t<div class=\"elementor-column elementor-col-50 elementor-top-column elementor-element elementor-element-5862d2f\" data-id=\"5862d2f\" data-element_type=\"column\" data-e-type=\"column\">\n\t\t\t<div class=\"elementor-widget-wrap elementor-element-populated\">\n\t\t\t\t\t\t<div class=\"elementor-element elementor-element-9a32bdf elementor-widget elementor-widget-egovenzsectiontitle\" data-id=\"9a32bdf\" data-element_type=\"widget\" data-e-type=\"widget\" data-widget_type=\"egovenzsectiontitle.default\">\n\t\t\t\t<div class=\"elementor-widget-container\">\n\t\t\t\t\t<div class=\"section-title-wrapper\"><div class=\"title-wrap\"><h3 class=\"section-title\">Russell Bedford Consulting Group<\/h3><span class=\"title-separator separator-border theme-color-bg\"><\/span><\/div><!-- .title-wrap --><div class=\"section-description\">Russell Bedford Consulting Group is the member of International network of Russell Bedford independent consulting firms, whose members are lawyers, accountants, tax consultants, accountants, financiers and business consultants.<br><br>\n\nRussell Bedford advises clients in more than 100 countries worldwide. The Group has over 230 offices and employs approximately 6,000 professionals.<br><br>\n\nWe operate across Poland, with our offices in Warsaw, Katowice and Gda\u0144sk.<br><br>\n\nFor over 30 years Russell Bedford has been providing an assistance to its customers around the world by building relationships based on stable and secure foundations.<br><br>\n\n Grupa doradcza Russell Bedford jest cz\u0142onkiem mi\u0119dzynarodowej sieci niezale\u017cnych firm doradczych Russell Bedford International, zrzeszaj\u0105cych prawnik\u00f3w, audytor\u00f3w, doradc\u00f3w podatkowych, ksi\u0119gowych, finansist\u00f3w oraz doradc\u00f3w biznesowych.<br><br>\n\nW Polsce \u015bwiadczymy us\u0142ugi z zakresu podatk\u00f3w, prawa, audytu, kadr, p\u0142ac, szkole\u0144 i doradztwa gospodarczego. <br><br>\n\nDzia\u0142amy na terenie ca\u0142ej Polski, poprzez Biura w: Warszawie, Katowicach i Gda\u0144sku.<br><br>\n\nDoradzamy kluczowym sp\u00f3\u0142kom w prowadzeniu dzia\u0142alno\u015bci na rynku polskim i europejskim w r\u00f3\u017cnych dziedzinach dzia\u0142alno\u015bci.  Russell Bedford w Polsce zajmuje si\u0119 doradztwem dla wiod\u0105cych firm polskich i zagranicznych oraz dla instytucji finansowych. Naszym celem jest poprawa jako\u015bci \u015bwiadczonych us\u0142ug i d\u0105\u017cenie do spe\u0142nienia oczekiwa\u0144 naszych klient\u00f3w. <br><br>\n\n \nContact person : Milena Helcbergiel, Asystent Zarz\u0105du <br><br>\n\ntel: +48 22 276 61 80<br><br>\n\ne-mail: office@russellbedford.pl<p><a class=\"btn none\" href=\"http:\/\/www.russellbedford.pl\/\" title=\"Visit Website\">Visit Website<\/a><\/p><\/div><!-- .section-description --><\/div><!-- .section-title-wrapper -->\t\t\t\t<\/div>\n\t\t\t\t<\/div>\n\t\t\t\t\t<\/div>\n\t\t<\/div>\n\t\t\t\t<div class=\"elementor-column elementor-col-50 elementor-top-column elementor-element elementor-element-0602318\" data-id=\"0602318\" data-element_type=\"column\" data-e-type=\"column\">\n\t\t\t<div class=\"elementor-widget-wrap elementor-element-populated\">\n\t\t\t\t\t\t<div class=\"elementor-element elementor-element-d6e5949 verticalMove elementor-widget elementor-widget-image\" data-id=\"d6e5949\" data-element_type=\"widget\" data-e-type=\"widget\" data-widget_type=\"image.default\">\n\t\t\t\t<div class=\"elementor-widget-container\">\n\t\t\t\t\t\t\t\t\t\t\t\t\t\t\t<img decoding=\"async\" src=\"https:\/\/websitetestcentre.com\/irishpolish\/wp-content\/uploads\/elementor\/thumbs\/russellbedford-pb2b3korddmqn4nwgv08vzltbmwlw61tgw951mx67k.jpeg\" title=\"russellbedford\" alt=\"Russell Bedford Consulting Group\" loading=\"lazy\" \/>\t\t\t\t\t\t\t\t\t\t\t\t\t\t\t<\/div>\n\t\t\t\t<\/div>\n\t\t\t\t<div class=\"elementor-element elementor-element-e59cc06 verticalMove elementor-widget elementor-widget-image\" data-id=\"e59cc06\" data-element_type=\"widget\" data-e-type=\"widget\" data-widget_type=\"image.default\">\n\t\t\t\t<div class=\"elementor-widget-container\">\n\t\t\t\t\t\t\t\t\t\t\t\t\t\t\t<img fetchpriority=\"high\" decoding=\"async\" width=\"1170\" height=\"694\" src=\"https:\/\/websitetestcentre.com\/irishpolish\/wp-content\/uploads\/2021\/08\/warsaw-1017468_1280-1170x694.jpg\" class=\"attachment-large size-large wp-image-16298\" alt=\"Warsaw\" srcset=\"https:\/\/websitetestcentre.com\/irishpolish\/wp-content\/uploads\/2021\/08\/warsaw-1017468_1280-1170x694.jpg 1170w, https:\/\/websitetestcentre.com\/irishpolish\/wp-content\/uploads\/2021\/08\/warsaw-1017468_1280-768x456.jpg 768w\" sizes=\"(max-width: 1170px) 100vw, 1170px\" \/>\t\t\t\t\t\t\t\t\t\t\t\t\t\t\t<\/div>\n\t\t\t\t<\/div>\n\t\t\t\t<div class=\"elementor-element elementor-element-3b4f501 verticalMove elementor-widget elementor-widget-image\" data-id=\"3b4f501\" data-element_type=\"widget\" data-e-type=\"widget\" data-widget_type=\"image.default\">\n\t\t\t\t<div class=\"elementor-widget-container\">\n\t\t\t\t\t\t\t\t\t\t\t\t\t\t\t<img decoding=\"async\" width=\"1170\" height=\"694\" src=\"https:\/\/websitetestcentre.com\/irishpolish\/wp-content\/uploads\/2021\/08\/skyscrapers-5909494_1280-1170x694.jpg\" class=\"attachment-large size-large wp-image-16519\" alt=\"Warsaw\" srcset=\"https:\/\/websitetestcentre.com\/irishpolish\/wp-content\/uploads\/2021\/08\/skyscrapers-5909494_1280-1170x694.jpg 1170w, https:\/\/websitetestcentre.com\/irishpolish\/wp-content\/uploads\/2021\/08\/skyscrapers-5909494_1280-768x456.jpg 768w\" sizes=\"(max-width: 1170px) 100vw, 1170px\" \/>\t\t\t\t\t\t\t\t\t\t\t\t\t\t\t<\/div>\n\t\t\t\t<\/div>\n\t\t\t\t<div class=\"elementor-element elementor-element-ca6a422 verticalMove elementor-widget elementor-widget-image\" data-id=\"ca6a422\" data-element_type=\"widget\" data-e-type=\"widget\" data-widget_type=\"image.default\">\n\t\t\t\t<div class=\"elementor-widget-container\">\n\t\t\t\t\t\t\t\t\t\t\t\t\t\t\t<img decoding=\"async\" width=\"1170\" height=\"694\" src=\"https:\/\/websitetestcentre.com\/irishpolish\/wp-content\/uploads\/2021\/08\/work-5382501_1280-1170x694.jpg\" class=\"attachment-large size-large wp-image-16785\" alt=\"\" srcset=\"https:\/\/websitetestcentre.com\/irishpolish\/wp-content\/uploads\/2021\/08\/work-5382501_1280-1170x694.jpg 1170w, https:\/\/websitetestcentre.com\/irishpolish\/wp-content\/uploads\/2021\/08\/work-5382501_1280-768x456.jpg 768w\" sizes=\"(max-width: 1170px) 100vw, 1170px\" \/>\t\t\t\t\t\t\t\t\t\t\t\t\t\t\t<\/div>\n\t\t\t\t<\/div>\n\t\t\t\t<div class=\"elementor-element elementor-element-9623a4c verticalMove elementor-widget elementor-widget-image\" data-id=\"9623a4c\" data-element_type=\"widget\" data-e-type=\"widget\" data-widget_type=\"image.default\">\n\t\t\t\t<div class=\"elementor-widget-container\">\n\t\t\t\t\t\t\t\t\t\t\t\t\t\t\t<img loading=\"lazy\" decoding=\"async\" width=\"1170\" height=\"694\" src=\"https:\/\/websitetestcentre.com\/irishpolish\/wp-content\/uploads\/2021\/08\/secretary-2199013_1280-1-1170x694.jpg\" class=\"attachment-large size-large wp-image-16784\" alt=\"\" srcset=\"https:\/\/websitetestcentre.com\/irishpolish\/wp-content\/uploads\/2021\/08\/secretary-2199013_1280-1-1170x694.jpg 1170w, https:\/\/websitetestcentre.com\/irishpolish\/wp-content\/uploads\/2021\/08\/secretary-2199013_1280-1-768x456.jpg 768w\" sizes=\"(max-width: 1170px) 100vw, 1170px\" \/>\t\t\t\t\t\t\t\t\t\t\t\t\t\t\t<\/div>\n\t\t\t\t<\/div>\n\t\t\t\t\t<\/div>\n\t\t<\/div>\n\t\t\t\t\t<\/div>\n\t\t<\/section>\n\t\t\t\t<\/div>\n\t\t","protected":false},"excerpt":{"rendered":"<p>Russell Bedford Consulting Group Russell Bedford Consulting Group is the member of International network of Russell Bedford independent consulting firms, whose members are lawyers, accountants, tax consultants, accountants, financiers and business consultants. Russell Bedford advises clients in more than 100 countries worldwide. The Group has over 230 offices and employs approximately 6,000 professionals. We operate<\/p>\n","protected":false},"author":1,"featured_media":0,"parent":0,"menu_order":0,"comment_status":"closed","ping_status":"closed","template":"","meta":{"_bbp_topic_count":0,"_bbp_reply_count":0,"_bbp_total_topic_count":0,"_bbp_total_reply_count":0,"_bbp_voice_count":0,"_bbp_anonymous_reply_count":0,"_bbp_topic_count_hidden":0,"_bbp_reply_count_hidden":0,"_bbp_forum_subforum_count":0,"footnotes":""},"class_list":["post-17603","page","type-page","status-publish","hentry"],"_links":{"self":[{"href":"https:\/\/websitetestcentre.com\/irishpolish\/wp-json\/wp\/v2\/pages\/17603","targetHints":{"allow":["GET"]}}],"collection":[{"href":"https:\/\/websitetestcentre.com\/irishpolish\/wp-json\/wp\/v2\/pages"}],"about":[{"href":"https:\/\/websitetestcentre.com\/irishpolish\/wp-json\/wp\/v2\/types\/page"}],"author":[{"embeddable":true,"href":"https:\/\/websitetestcentre.com\/irishpolish\/wp-json\/wp\/v2\/users\/1"}],"replies":[{"embeddable":true,"href":"https:\/\/websitetestcentre.com\/irishpolish\/wp-json\/wp\/v2\/comments?post=17603"}],"version-history":[{"count":16,"href":"https:\/\/websitetestcentre.com\/irishpolish\/wp-json\/wp\/v2\/pages\/17603\/revisions"}],"predecessor-version":[{"id":17619,"href":"https:\/\/websitetestcentre.com\/irishpolish\/wp-json\/wp\/v2\/pages\/17603\/revisions\/17619"}],"wp:attachment":[{"href":"https:\/\/websitetestcentre.com\/irishpolish\/wp-json\/wp\/v2\/media?parent=17603"}],"curies":[{"name":"wp","href":"https:\/\/api.w.org\/{rel}","templated":true}]}}