{"id":17878,"date":"2021-08-12T10:05:33","date_gmt":"2021-08-12T10:05:33","guid":{"rendered":"https:\/\/websitetestcentre.com\/irishpolish\/?page_id=17878"},"modified":"2021-08-12T10:10:57","modified_gmt":"2021-08-12T10:10:57","slug":"archiplanner","status":"publish","type":"page","link":"https:\/\/websitetestcentre.com\/irishpolish\/archiplanner\/","title":{"rendered":"Archiplanner"},"content":{"rendered":"\t\t<div data-elementor-type=\"wp-page\" data-elementor-id=\"17878\" class=\"elementor elementor-17878\">\n\t\t\t\t\t\t<section class=\"elementor-section elementor-top-section elementor-element elementor-element-d96a33e elementor-section-content-middle elementor-section-boxed elementor-section-height-default elementor-section-height-default\" data-id=\"d96a33e\" data-element_type=\"section\" data-e-type=\"section\">\n\t\t\t\t\t\t<div class=\"elementor-container elementor-column-gap-default\">\n\t\t\t\t\t<div class=\"elementor-column elementor-col-50 elementor-top-column elementor-element elementor-element-a9d22d5\" data-id=\"a9d22d5\" data-element_type=\"column\" data-e-type=\"column\">\n\t\t\t<div class=\"elementor-widget-wrap elementor-element-populated\">\n\t\t\t\t\t\t<div class=\"elementor-element elementor-element-06374ee elementor-widget elementor-widget-egovenzsectiontitle\" data-id=\"06374ee\" data-element_type=\"widget\" data-e-type=\"widget\" data-widget_type=\"egovenzsectiontitle.default\">\n\t\t\t\t<div class=\"elementor-widget-container\">\n\t\t\t\t\t<div class=\"section-title-wrapper\"><div class=\"title-wrap\"><h3 class=\"section-title\">Archiplanner<\/h3><span class=\"title-separator separator-border theme-color-bg\"><\/span><\/div><!-- .title-wrap --><div class=\"section-description\">Archiplanner - Renata & Tomasz Steckiewicz Sp.j.<br><br>\nEngineering<br><br>\nAddress:ul. Alaski 2\/5, J\u00f3zefos\u0142aw <br><br>\nPhone:+48 22 251 97 93<br><br>\n\nEmail: t.steckiewicz@gmail.com<br><br>\n\nTomasz Steckiewicz <br>\n\n+48 22 251 97 93<br>\n\n+48 606 133 001<br>\n\nt.steckiewicz@gmail.com<br><br>\n\nRenata Steckiewicz <br>\n\n+48 22 251 97 93<br>\n\nrenata.steckiewicz@gmail.com<br><br>\n\nMSc. Eng.Arch. Tomasz Steckiewicz \u2013 the founder of Archiplaner, project building license without limits, over 10 years of professional experience (worked for: Ashlin Coleman Architects, Dublin; Warsaw Development Planning Office; Przedsi\u0119biorstwo In\u017cynieryjno-Projektowe Danprojekt Sp. z o.o.; Aqua Invest Sp. z o.o.; until 2010 as a co-founder of Fabryka Projekt\u00f3w Sp. z o.o.), holds a Master\u2019s Degree in Architecture from Warsaw University of Technology.<br><br>\n\nOur firm offers services in following scope:<br><br>\n\n\u00b7 adaptation of typical projects<br>\n\n\u00b7 private houses and public buildings interior arrangements<br>\n\n\u00b7 terrace houses projects<br>\n\n\u00b7 public buildings projects (among others office and retail buildings)<br>\n\n\u00b7 block of flats projects<br>\n\n\u00b7 industrial and infrastructure buildings projects<br><br>\n\nWe lead our clients through the whole process: from the designing of the project with all the branch facilities, through administrative procedures to the author\u2019s supervision and execution. We offer influence on the choice of contractors and negotiating favorable terms of contract.<p><a class=\"btn none\" href=\"https:\/\/archiplaner.pl\/\" title=\"Visit Website\">Visit Website<\/a><\/p><\/div><!-- .section-description --><\/div><!-- .section-title-wrapper -->\t\t\t\t<\/div>\n\t\t\t\t<\/div>\n\t\t\t\t\t<\/div>\n\t\t<\/div>\n\t\t\t\t<div class=\"elementor-column elementor-col-50 elementor-top-column elementor-element elementor-element-03d3d75\" data-id=\"03d3d75\" data-element_type=\"column\" data-e-type=\"column\">\n\t\t\t<div class=\"elementor-widget-wrap elementor-element-populated\">\n\t\t\t\t\t\t<div class=\"elementor-element elementor-element-b1bffb6 verticalMove elementor-widget elementor-widget-image\" data-id=\"b1bffb6\" data-element_type=\"widget\" data-e-type=\"widget\" data-widget_type=\"image.default\">\n\t\t\t\t<div class=\"elementor-widget-container\">\n\t\t\t\t\t\t\t\t\t\t\t\t\t\t\t<img decoding=\"async\" src=\"https:\/\/websitetestcentre.com\/irishpolish\/wp-content\/uploads\/elementor\/thumbs\/archi-pb2d19g02711edfsjhfi8wj2t1f9kbpeptg2x5lewg.jpeg\" title=\"archi\" alt=\"Archiplanner\" loading=\"lazy\" \/>\t\t\t\t\t\t\t\t\t\t\t\t\t\t\t<\/div>\n\t\t\t\t<\/div>\n\t\t\t\t<div class=\"elementor-element elementor-element-5a5003d verticalMove elementor-widget elementor-widget-image\" data-id=\"5a5003d\" data-element_type=\"widget\" data-e-type=\"widget\" data-widget_type=\"image.default\">\n\t\t\t\t<div class=\"elementor-widget-container\">\n\t\t\t\t\t\t\t\t\t\t\t\t\t\t\t<img fetchpriority=\"high\" decoding=\"async\" width=\"1170\" height=\"694\" src=\"https:\/\/websitetestcentre.com\/irishpolish\/wp-content\/uploads\/2021\/08\/warsaw-1017468_1280-1170x694.jpg\" class=\"attachment-large size-large wp-image-16298\" alt=\"Warsaw\" srcset=\"https:\/\/websitetestcentre.com\/irishpolish\/wp-content\/uploads\/2021\/08\/warsaw-1017468_1280-1170x694.jpg 1170w, https:\/\/websitetestcentre.com\/irishpolish\/wp-content\/uploads\/2021\/08\/warsaw-1017468_1280-768x456.jpg 768w\" sizes=\"(max-width: 1170px) 100vw, 1170px\" \/>\t\t\t\t\t\t\t\t\t\t\t\t\t\t\t<\/div>\n\t\t\t\t<\/div>\n\t\t\t\t<div class=\"elementor-element elementor-element-23734d9 verticalMove elementor-widget elementor-widget-image\" data-id=\"23734d9\" data-element_type=\"widget\" data-e-type=\"widget\" data-widget_type=\"image.default\">\n\t\t\t\t<div class=\"elementor-widget-container\">\n\t\t\t\t\t\t\t\t\t\t\t\t\t\t\t<img decoding=\"async\" width=\"1170\" height=\"694\" src=\"https:\/\/websitetestcentre.com\/irishpolish\/wp-content\/uploads\/2021\/08\/skyscrapers-5909494_1280-1170x694.jpg\" class=\"attachment-large size-large wp-image-16519\" alt=\"Warsaw\" srcset=\"https:\/\/websitetestcentre.com\/irishpolish\/wp-content\/uploads\/2021\/08\/skyscrapers-5909494_1280-1170x694.jpg 1170w, https:\/\/websitetestcentre.com\/irishpolish\/wp-content\/uploads\/2021\/08\/skyscrapers-5909494_1280-768x456.jpg 768w\" sizes=\"(max-width: 1170px) 100vw, 1170px\" \/>\t\t\t\t\t\t\t\t\t\t\t\t\t\t\t<\/div>\n\t\t\t\t<\/div>\n\t\t\t\t<div class=\"elementor-element elementor-element-d1911b5 verticalMove elementor-widget elementor-widget-image\" data-id=\"d1911b5\" data-element_type=\"widget\" data-e-type=\"widget\" data-widget_type=\"image.default\">\n\t\t\t\t<div class=\"elementor-widget-container\">\n\t\t\t\t\t\t\t\t\t\t\t\t\t\t\t<img decoding=\"async\" width=\"1170\" height=\"694\" src=\"https:\/\/websitetestcentre.com\/irishpolish\/wp-content\/uploads\/2021\/08\/work-5382501_1280-1170x694.jpg\" class=\"attachment-large size-large wp-image-16785\" alt=\"\" srcset=\"https:\/\/websitetestcentre.com\/irishpolish\/wp-content\/uploads\/2021\/08\/work-5382501_1280-1170x694.jpg 1170w, https:\/\/websitetestcentre.com\/irishpolish\/wp-content\/uploads\/2021\/08\/work-5382501_1280-768x456.jpg 768w\" sizes=\"(max-width: 1170px) 100vw, 1170px\" \/>\t\t\t\t\t\t\t\t\t\t\t\t\t\t\t<\/div>\n\t\t\t\t<\/div>\n\t\t\t\t<div class=\"elementor-element elementor-element-804b44e verticalMove elementor-widget elementor-widget-image\" data-id=\"804b44e\" data-element_type=\"widget\" data-e-type=\"widget\" data-widget_type=\"image.default\">\n\t\t\t\t<div class=\"elementor-widget-container\">\n\t\t\t\t\t\t\t\t\t\t\t\t\t\t\t<img loading=\"lazy\" decoding=\"async\" width=\"1170\" height=\"694\" src=\"https:\/\/websitetestcentre.com\/irishpolish\/wp-content\/uploads\/2021\/08\/secretary-2199013_1280-1-1170x694.jpg\" class=\"attachment-large size-large wp-image-16784\" alt=\"\" srcset=\"https:\/\/websitetestcentre.com\/irishpolish\/wp-content\/uploads\/2021\/08\/secretary-2199013_1280-1-1170x694.jpg 1170w, https:\/\/websitetestcentre.com\/irishpolish\/wp-content\/uploads\/2021\/08\/secretary-2199013_1280-1-768x456.jpg 768w\" sizes=\"(max-width: 1170px) 100vw, 1170px\" \/>\t\t\t\t\t\t\t\t\t\t\t\t\t\t\t<\/div>\n\t\t\t\t<\/div>\n\t\t\t\t\t<\/div>\n\t\t<\/div>\n\t\t\t\t\t<\/div>\n\t\t<\/section>\n\t\t\t\t<\/div>\n\t\t","protected":false},"excerpt":{"rendered":"<p>Archiplanner Archiplanner &#8211; Renata &#038; Tomasz Steckiewicz Sp.j. Engineering Address:ul. Alaski 2\/5, J\u00f3zefos\u0142aw Phone:+48 22 251 97 93 Email: t.steckiewicz@gmail.com Tomasz Steckiewicz +48 22 251 97 93 +48 606 133 001 t.steckiewicz@gmail.com Renata Steckiewicz +48 22 251 97 93 renata.steckiewicz@gmail.com MSc. Eng.Arch. Tomasz Steckiewicz \u2013 the founder of Archiplaner, project building license without limits, over<\/p>\n","protected":false},"author":1,"featured_media":0,"parent":0,"menu_order":0,"comment_status":"closed","ping_status":"closed","template":"","meta":{"_bbp_topic_count":0,"_bbp_reply_count":0,"_bbp_total_topic_count":0,"_bbp_total_reply_count":0,"_bbp_voice_count":0,"_bbp_anonymous_reply_count":0,"_bbp_topic_count_hidden":0,"_bbp_reply_count_hidden":0,"_bbp_forum_subforum_count":0,"footnotes":""},"class_list":["post-17878","page","type-page","status-publish","hentry"],"_links":{"self":[{"href":"https:\/\/websitetestcentre.com\/irishpolish\/wp-json\/wp\/v2\/pages\/17878","targetHints":{"allow":["GET"]}}],"collection":[{"href":"https:\/\/websitetestcentre.com\/irishpolish\/wp-json\/wp\/v2\/pages"}],"about":[{"href":"https:\/\/websitetestcentre.com\/irishpolish\/wp-json\/wp\/v2\/types\/page"}],"author":[{"embeddable":true,"href":"https:\/\/websitetestcentre.com\/irishpolish\/wp-json\/wp\/v2\/users\/1"}],"replies":[{"embeddable":true,"href":"https:\/\/websitetestcentre.com\/irishpolish\/wp-json\/wp\/v2\/comments?post=17878"}],"version-history":[{"count":16,"href":"https:\/\/websitetestcentre.com\/irishpolish\/wp-json\/wp\/v2\/pages\/17878\/revisions"}],"predecessor-version":[{"id":17894,"href":"https:\/\/websitetestcentre.com\/irishpolish\/wp-json\/wp\/v2\/pages\/17878\/revisions\/17894"}],"wp:attachment":[{"href":"https:\/\/websitetestcentre.com\/irishpolish\/wp-json\/wp\/v2\/media?parent=17878"}],"curies":[{"name":"wp","href":"https:\/\/api.w.org\/{rel}","templated":true}]}}