{"id":17898,"date":"2021-08-12T10:15:46","date_gmt":"2021-08-12T10:15:46","guid":{"rendered":"https:\/\/websitetestcentre.com\/irishpolish\/?page_id=17898"},"modified":"2021-08-12T10:18:06","modified_gmt":"2021-08-12T10:18:06","slug":"cpl-jobs","status":"publish","type":"page","link":"https:\/\/websitetestcentre.com\/irishpolish\/cpl-jobs\/","title":{"rendered":"CPL Jobs"},"content":{"rendered":"\t\t<div data-elementor-type=\"wp-page\" data-elementor-id=\"17898\" class=\"elementor elementor-17898\">\n\t\t\t\t\t\t<section class=\"elementor-section elementor-top-section elementor-element elementor-element-de7fdb5 elementor-section-content-middle elementor-section-boxed elementor-section-height-default elementor-section-height-default\" data-id=\"de7fdb5\" data-element_type=\"section\" data-e-type=\"section\">\n\t\t\t\t\t\t<div class=\"elementor-container elementor-column-gap-default\">\n\t\t\t\t\t<div class=\"elementor-column elementor-col-50 elementor-top-column elementor-element elementor-element-6e12e26\" data-id=\"6e12e26\" data-element_type=\"column\" data-e-type=\"column\">\n\t\t\t<div class=\"elementor-widget-wrap elementor-element-populated\">\n\t\t\t\t\t\t<div class=\"elementor-element elementor-element-ae34583 elementor-widget elementor-widget-egovenzsectiontitle\" data-id=\"ae34583\" data-element_type=\"widget\" data-e-type=\"widget\" data-widget_type=\"egovenzsectiontitle.default\">\n\t\t\t\t<div class=\"elementor-widget-container\">\n\t\t\t\t\t<div class=\"section-title-wrapper\"><div class=\"title-wrap\"><h3 class=\"section-title\">CPL Jobs<\/h3><span class=\"title-separator separator-border theme-color-bg\"><\/span><\/div><!-- .title-wrap --><div class=\"section-description\">W ramach Grupy Cpl d\u0105\u017cymy do nieustannej wsp\u00f3\u0142pracy z naszymi pracownikami, kandydatami, klientami oraz otaczaj\u0105c\u0105 nas spo\u0142eczno\u015bci\u0105, by m\u00f3c wsp\u00f3lnie stawi\u0107 czo\u0142a zmianom zachodz\u0105cym na rynku pracy oraz wsp\u00f3lnie budowa\u0107 przysz\u0142o\u015b\u0107.<br><br>\n\nCpl Resources Plc.zosta\u0142a przej\u0119ta przez OUTSOURCING Inc z siedzib\u0105 w Japonii w styczniu 2021 roku i jest w 100% sp\u00f3\u0142k\u0105 zale\u017cn\u0105 firmy.<p><a class=\"btn none\" href=\"https:\/\/www.cpl.com\/pl\" title=\"Visit Website\">Visit Website<\/a><\/p><\/div><!-- .section-description --><\/div><!-- .section-title-wrapper -->\t\t\t\t<\/div>\n\t\t\t\t<\/div>\n\t\t\t\t\t<\/div>\n\t\t<\/div>\n\t\t\t\t<div class=\"elementor-column elementor-col-50 elementor-top-column elementor-element elementor-element-06bbe78\" data-id=\"06bbe78\" data-element_type=\"column\" data-e-type=\"column\">\n\t\t\t<div class=\"elementor-widget-wrap elementor-element-populated\">\n\t\t\t\t\t\t<div class=\"elementor-element elementor-element-b41bee3 verticalMove elementor-widget elementor-widget-image\" data-id=\"b41bee3\" data-element_type=\"widget\" data-e-type=\"widget\" data-widget_type=\"image.default\">\n\t\t\t\t<div class=\"elementor-widget-container\">\n\t\t\t\t\t\t\t\t\t\t\t\t\t\t\t<img decoding=\"async\" src=\"https:\/\/websitetestcentre.com\/irishpolish\/wp-content\/uploads\/elementor\/thumbs\/cpl-pb2d5mf1rizx993s2va7bax20dxk9s0kzee62d4o1c.jpg\" title=\"cpl\" alt=\"CPL Jobs\" loading=\"lazy\" \/>\t\t\t\t\t\t\t\t\t\t\t\t\t\t\t<\/div>\n\t\t\t\t<\/div>\n\t\t\t\t<div class=\"elementor-element elementor-element-0014e76 verticalMove elementor-widget elementor-widget-image\" data-id=\"0014e76\" data-element_type=\"widget\" data-e-type=\"widget\" data-widget_type=\"image.default\">\n\t\t\t\t<div class=\"elementor-widget-container\">\n\t\t\t\t\t\t\t\t\t\t\t\t\t\t\t<img fetchpriority=\"high\" decoding=\"async\" width=\"1170\" height=\"694\" src=\"https:\/\/websitetestcentre.com\/irishpolish\/wp-content\/uploads\/2021\/08\/warsaw-1017468_1280-1170x694.jpg\" class=\"attachment-large size-large wp-image-16298\" alt=\"Warsaw\" srcset=\"https:\/\/websitetestcentre.com\/irishpolish\/wp-content\/uploads\/2021\/08\/warsaw-1017468_1280-1170x694.jpg 1170w, https:\/\/websitetestcentre.com\/irishpolish\/wp-content\/uploads\/2021\/08\/warsaw-1017468_1280-768x456.jpg 768w\" sizes=\"(max-width: 1170px) 100vw, 1170px\" \/>\t\t\t\t\t\t\t\t\t\t\t\t\t\t\t<\/div>\n\t\t\t\t<\/div>\n\t\t\t\t\t<\/div>\n\t\t<\/div>\n\t\t\t\t\t<\/div>\n\t\t<\/section>\n\t\t\t\t<\/div>\n\t\t","protected":false},"excerpt":{"rendered":"<p>CPL Jobs W ramach Grupy Cpl d\u0105\u017cymy do nieustannej wsp\u00f3\u0142pracy z naszymi pracownikami, kandydatami, klientami oraz otaczaj\u0105c\u0105 nas spo\u0142eczno\u015bci\u0105, by m\u00f3c wsp\u00f3lnie stawi\u0107 czo\u0142a zmianom zachodz\u0105cym na rynku pracy oraz wsp\u00f3lnie budowa\u0107 przysz\u0142o\u015b\u0107. Cpl Resources Plc.zosta\u0142a przej\u0119ta przez OUTSOURCING Inc z siedzib\u0105 w Japonii w styczniu 2021 roku i jest w 100% sp\u00f3\u0142k\u0105 zale\u017cn\u0105 firmy.<\/p>\n","protected":false},"author":1,"featured_media":0,"parent":0,"menu_order":0,"comment_status":"closed","ping_status":"closed","template":"","meta":{"_bbp_topic_count":0,"_bbp_reply_count":0,"_bbp_total_topic_count":0,"_bbp_total_reply_count":0,"_bbp_voice_count":0,"_bbp_anonymous_reply_count":0,"_bbp_topic_count_hidden":0,"_bbp_reply_count_hidden":0,"_bbp_forum_subforum_count":0,"footnotes":""},"class_list":["post-17898","page","type-page","status-publish","hentry"],"_links":{"self":[{"href":"https:\/\/websitetestcentre.com\/irishpolish\/wp-json\/wp\/v2\/pages\/17898","targetHints":{"allow":["GET"]}}],"collection":[{"href":"https:\/\/websitetestcentre.com\/irishpolish\/wp-json\/wp\/v2\/pages"}],"about":[{"href":"https:\/\/websitetestcentre.com\/irishpolish\/wp-json\/wp\/v2\/types\/page"}],"author":[{"embeddable":true,"href":"https:\/\/websitetestcentre.com\/irishpolish\/wp-json\/wp\/v2\/users\/1"}],"replies":[{"embeddable":true,"href":"https:\/\/websitetestcentre.com\/irishpolish\/wp-json\/wp\/v2\/comments?post=17898"}],"version-history":[{"count":10,"href":"https:\/\/websitetestcentre.com\/irishpolish\/wp-json\/wp\/v2\/pages\/17898\/revisions"}],"predecessor-version":[{"id":17908,"href":"https:\/\/websitetestcentre.com\/irishpolish\/wp-json\/wp\/v2\/pages\/17898\/revisions\/17908"}],"wp:attachment":[{"href":"https:\/\/websitetestcentre.com\/irishpolish\/wp-json\/wp\/v2\/media?parent=17898"}],"curies":[{"name":"wp","href":"https:\/\/api.w.org\/{rel}","templated":true}]}}